{"id":671,"date":"2025-12-01T16:53:26","date_gmt":"2025-12-01T16:53:26","guid":{"rendered":"https:\/\/gymfrey.at\/?page_id=671"},"modified":"2025-12-03T16:47:47","modified_gmt":"2025-12-03T16:47:47","slug":"oeffnungszeiten","status":"publish","type":"page","link":"https:\/\/gymfrey.at\/?page_id=671","title":{"rendered":"\u00d6FFNUNGSZEITEN"},"content":{"rendered":"\n<div class=\"wp-block-cover alignfull is-light has-contrast-color has-text-color has-link-color wp-elements-5549260dd7d7c8e5d84289fe9397e5e3\" style=\"margin-top:0;margin-bottom:0;padding-top:var(--wp--preset--spacing--60);padding-right:var(--wp--preset--spacing--50);padding-bottom:var(--wp--preset--spacing--60);padding-left:var(--wp--preset--spacing--50)\"><span aria-hidden=\"true\" class=\"wp-block-cover__background has-base-background-color has-background-dim-100 has-background-dim\"><\/span><div class=\"wp-block-cover__inner-container has-global-padding is-layout-constrained wp-container-core-cover-is-layout-873ee6b1 wp-block-cover-is-layout-constrained\">\n<div class=\"wp-block-columns alignwide is-layout-flex wp-container-core-columns-is-layout-7ee84d44 wp-block-columns-is-layout-flex\">\n<div class=\"wp-block-column is-layout-flow wp-block-column-is-layout-flow\" style=\"flex-basis:65%\">\n<div class=\"wp-block-group is-vertical is-content-justification-stretch is-layout-flex wp-container-core-group-is-layout-353c4f5a wp-block-group-is-layout-flex\">\n<h2 class=\"wp-block-heading has-text-align-left\" style=\"font-size:clamp(8.042rem, 8.042rem + ((1vw - 0.2rem) * 21.895), 22rem);font-style:normal;font-weight:300;letter-spacing:-0.03em;line-height:1.4\"><strong>24\/7<\/strong><\/h2>\n\n\n\n<p class=\"is-style-text-subtitle has-xx-large-font-size is-style-text-subtitle--1\"><strong>Dein Gym. Deine Zeit. 24\/7 ge\u00f6ffnet.<\/strong><\/p>\n\n\n\n<p>Im <strong>Gym Frey<\/strong> trainierst du genau dann, wenn es dir am besten passt \u2013 rund um die Uhr, an 365 Tagen im Jahr. Egal ob fr\u00fch morgens, sp\u00e4t abends oder mitten in der Nacht: Unser Studio steht dir jederzeit offen, damit du dein Training flexibel und ohne Einschr\u00e4nkungen gestalten kannst.<\/p>\n\n\n\n<h2 class=\"wp-block-heading\"><strong>Trainerzeiten \u2013 Wir sind f\u00fcr dich da<\/strong><\/h2>\n\n\n\n<p>Unser Trainerteam unterst\u00fctzt dich gerne bei Fragen, Trainingspl\u00e4nen oder Technikchecks. Zu folgenden Zeiten sind unsere Trainer pers\u00f6nlich vor Ort:<\/p>\n\n\n\n<p><strong>Montag:<\/strong> 9:00 \u2013 13:00 \/ 14:00 \u2013 18:00<br><strong>Dienstag:<\/strong> Nach Terminvereinbarung<br><strong>Mittwoch:<\/strong> 9:00 \u2013 13:00 \/ 14:00 \u2013 18:00<br><strong>Donnerstag:<\/strong> 9:00 \u2013 13:00 \/ 14:00 \u2013 18:00<br><strong>Freitag:<\/strong> 9:00 \u2013 13:00 \/ 14:00 \u2013 18:00<br><strong>Samstag:<\/strong> 8:00 &#8211; 13:00<br><strong>Sonn- und Feiertage:<\/strong> Keine Betreuung<\/p>\n\n\n\n<h2 class=\"wp-block-heading\"><strong>Service Lounge \u2013 F\u00fcr Beratung &amp; Wohlf\u00fchlatmosph\u00e4re<\/strong><\/h2>\n\n\n\n<p>Unsere Service Lounge ist der erste Ansprechpartner f\u00fcr Beratung, Mitgliedschaftsthemen und alle organisatorischen Anliegen. Bitte beachte, dass die Servicezeiten je nach Auslastung leicht variieren k\u00f6nnen.<\/p>\n\n\n\n<p class=\"is-style-text-subtitle is-style-text-subtitle--2\"><strong>Montag:<\/strong> 9:00 \u2013 13:00 \/ 14:00 \u2013 20:00<br><strong>Dienstag:<\/strong> Geschlossen<br><strong>Mittwoch:<\/strong> 9:00 \u2013 13:00 \/ 14:00 \u2013 18:00<br><strong>Donnerstag:<\/strong> 9:00 \u2013 13:00 \/ 14:00 \u2013 20:00<br><strong>Freitag:<\/strong> 9:00 \u2013 13:00 \/ 14:00 \u2013 20:00<br><strong>Samstag:<\/strong> 8:00 \u2013 12:00<br><strong>Sonntag:<\/strong> Geschlossen<\/p>\n<\/div>\n<\/div>\n\n\n\n<div class=\"wp-block-column is-layout-flow wp-block-column-is-layout-flow\" style=\"flex-basis:35%\">\n<div class=\"wp-block-group is-vertical is-content-justification-stretch is-nowrap is-layout-flex wp-container-core-group-is-layout-73b0033c wp-block-group-is-layout-flex\">\n<figure class=\"wp-block-image size-full\"><img loading=\"lazy\" decoding=\"async\" width=\"1024\" height=\"1024\" src=\"https:\/\/gymfrey.at\/wp-content\/uploads\/2025\/12\/ChatGPT-Image-1.-Dez.-2025-17_52_16.png\" alt=\"\" class=\"wp-image-672\" style=\"aspect-ratio:3\/4;object-fit:cover\" srcset=\"https:\/\/gymfrey.at\/wp-content\/uploads\/2025\/12\/ChatGPT-Image-1.-Dez.-2025-17_52_16.png 1024w, https:\/\/gymfrey.at\/wp-content\/uploads\/2025\/12\/ChatGPT-Image-1.-Dez.-2025-17_52_16-300x300.png 300w, https:\/\/gymfrey.at\/wp-content\/uploads\/2025\/12\/ChatGPT-Image-1.-Dez.-2025-17_52_16-150x150.png 150w, https:\/\/gymfrey.at\/wp-content\/uploads\/2025\/12\/ChatGPT-Image-1.-Dez.-2025-17_52_16-768x768.png 768w\" sizes=\"auto, (max-width: 1024px) 100vw, 1024px\" \/><\/figure>\n<\/div>\n<\/div>\n<\/div>\n<\/div><\/div>\n","protected":false},"excerpt":{"rendered":"","protected":false},"author":1,"featured_media":0,"parent":0,"menu_order":0,"comment_status":"closed","ping_status":"closed","template":"","meta":{"footnotes":""},"class_list":["post-671","page","type-page","status-publish","hentry"],"yoast_head":"<!-- This site is optimized with the Yoast SEO plugin v25.9 - https:\/\/yoast.com\/wordpress\/plugins\/seo\/ -->\n<title>\u00d6FFNUNGSZEITEN - GYM FREY<\/title>\n<meta name=\"robots\" content=\"index, follow, max-snippet:-1, max-image-preview:large, max-video-preview:-1\" \/>\n<link rel=\"canonical\" href=\"https:\/\/gymfrey.at\/?page_id=671\" \/>\n<meta property=\"og:locale\" content=\"de_DE\" \/>\n<meta property=\"og:type\" content=\"article\" \/>\n<meta property=\"og:title\" content=\"\u00d6FFNUNGSZEITEN - GYM FREY\" \/>\n<meta property=\"og:url\" content=\"https:\/\/gymfrey.at\/?page_id=671\" \/>\n<meta property=\"og:site_name\" content=\"GYM FREY\" \/>\n<meta property=\"article:modified_time\" content=\"2025-12-03T16:47:47+00:00\" \/>\n<meta property=\"og:image\" content=\"https:\/\/gymfrey.at\/wp-content\/uploads\/2025\/12\/ChatGPT-Image-1.-Dez.-2025-17_52_16.png\" \/>\n\t<meta property=\"og:image:width\" content=\"1024\" \/>\n\t<meta property=\"og:image:height\" content=\"1024\" \/>\n\t<meta property=\"og:image:type\" content=\"image\/png\" \/>\n<meta name=\"twitter:card\" content=\"summary_large_image\" \/>\n<meta name=\"twitter:label1\" content=\"Gesch\u00e4tzte Lesezeit\" \/>\n\t<meta name=\"twitter:data1\" content=\"1\u00a0Minute\" \/>\n<script type=\"application\/ld+json\" class=\"yoast-schema-graph\">{\"@context\":\"https:\/\/schema.org\",\"@graph\":[{\"@type\":\"WebPage\",\"@id\":\"https:\/\/gymfrey.at\/?page_id=671\",\"url\":\"https:\/\/gymfrey.at\/?page_id=671\",\"name\":\"\u00d6FFNUNGSZEITEN - GYM FREY\",\"isPartOf\":{\"@id\":\"https:\/\/gymfrey.at\/#website\"},\"primaryImageOfPage\":{\"@id\":\"https:\/\/gymfrey.at\/?page_id=671#primaryimage\"},\"image\":{\"@id\":\"https:\/\/gymfrey.at\/?page_id=671#primaryimage\"},\"thumbnailUrl\":\"https:\/\/gymfrey.at\/wp-content\/uploads\/2025\/12\/ChatGPT-Image-1.-Dez.-2025-17_52_16.png\",\"datePublished\":\"2025-12-01T16:53:26+00:00\",\"dateModified\":\"2025-12-03T16:47:47+00:00\",\"breadcrumb\":{\"@id\":\"https:\/\/gymfrey.at\/?page_id=671#breadcrumb\"},\"inLanguage\":\"de\",\"potentialAction\":[{\"@type\":\"ReadAction\",\"target\":[\"https:\/\/gymfrey.at\/?page_id=671\"]}]},{\"@type\":\"ImageObject\",\"inLanguage\":\"de\",\"@id\":\"https:\/\/gymfrey.at\/?page_id=671#primaryimage\",\"url\":\"https:\/\/gymfrey.at\/wp-content\/uploads\/2025\/12\/ChatGPT-Image-1.-Dez.-2025-17_52_16.png\",\"contentUrl\":\"https:\/\/gymfrey.at\/wp-content\/uploads\/2025\/12\/ChatGPT-Image-1.-Dez.-2025-17_52_16.png\",\"width\":1024,\"height\":1024},{\"@type\":\"BreadcrumbList\",\"@id\":\"https:\/\/gymfrey.at\/?page_id=671#breadcrumb\",\"itemListElement\":[{\"@type\":\"ListItem\",\"position\":1,\"name\":\"Startseite\",\"item\":\"https:\/\/gymfrey.at\/\"},{\"@type\":\"ListItem\",\"position\":2,\"name\":\"\u00d6FFNUNGSZEITEN\"}]},{\"@type\":\"WebSite\",\"@id\":\"https:\/\/gymfrey.at\/#website\",\"url\":\"https:\/\/gymfrey.at\/\",\"name\":\"GYM FREY\",\"description\":\"Train like a pro\",\"publisher\":{\"@id\":\"https:\/\/gymfrey.at\/#organization\"},\"potentialAction\":[{\"@type\":\"SearchAction\",\"target\":{\"@type\":\"EntryPoint\",\"urlTemplate\":\"https:\/\/gymfrey.at\/?s={search_term_string}\"},\"query-input\":{\"@type\":\"PropertyValueSpecification\",\"valueRequired\":true,\"valueName\":\"search_term_string\"}}],\"inLanguage\":\"de\"},{\"@type\":\"Organization\",\"@id\":\"https:\/\/gymfrey.at\/#organization\",\"name\":\"GYM FREY\",\"url\":\"https:\/\/gymfrey.at\/\",\"logo\":{\"@type\":\"ImageObject\",\"inLanguage\":\"de\",\"@id\":\"https:\/\/gymfrey.at\/#\/schema\/logo\/image\/\",\"url\":\"https:\/\/gymfrey.at\/wp-content\/uploads\/2025\/07\/sigi-icon.png\",\"contentUrl\":\"https:\/\/gymfrey.at\/wp-content\/uploads\/2025\/07\/sigi-icon.png\",\"width\":770,\"height\":481,\"caption\":\"GYM FREY\"},\"image\":{\"@id\":\"https:\/\/gymfrey.at\/#\/schema\/logo\/image\/\"},\"sameAs\":[\"https:\/\/www.instagram.com\/gymfrey.at\"]}]}<\/script>\n<!-- \/ Yoast SEO plugin. -->","yoast_head_json":{"title":"\u00d6FFNUNGSZEITEN - GYM FREY","robots":{"index":"index","follow":"follow","max-snippet":"max-snippet:-1","max-image-preview":"max-image-preview:large","max-video-preview":"max-video-preview:-1"},"canonical":"https:\/\/gymfrey.at\/?page_id=671","og_locale":"de_DE","og_type":"article","og_title":"\u00d6FFNUNGSZEITEN - GYM FREY","og_url":"https:\/\/gymfrey.at\/?page_id=671","og_site_name":"GYM FREY","article_modified_time":"2025-12-03T16:47:47+00:00","og_image":[{"width":1024,"height":1024,"url":"https:\/\/gymfrey.at\/wp-content\/uploads\/2025\/12\/ChatGPT-Image-1.-Dez.-2025-17_52_16.png","type":"image\/png"}],"twitter_card":"summary_large_image","twitter_misc":{"Gesch\u00e4tzte Lesezeit":"1\u00a0Minute"},"schema":{"@context":"https:\/\/schema.org","@graph":[{"@type":"WebPage","@id":"https:\/\/gymfrey.at\/?page_id=671","url":"https:\/\/gymfrey.at\/?page_id=671","name":"\u00d6FFNUNGSZEITEN - GYM FREY","isPartOf":{"@id":"https:\/\/gymfrey.at\/#website"},"primaryImageOfPage":{"@id":"https:\/\/gymfrey.at\/?page_id=671#primaryimage"},"image":{"@id":"https:\/\/gymfrey.at\/?page_id=671#primaryimage"},"thumbnailUrl":"https:\/\/gymfrey.at\/wp-content\/uploads\/2025\/12\/ChatGPT-Image-1.-Dez.-2025-17_52_16.png","datePublished":"2025-12-01T16:53:26+00:00","dateModified":"2025-12-03T16:47:47+00:00","breadcrumb":{"@id":"https:\/\/gymfrey.at\/?page_id=671#breadcrumb"},"inLanguage":"de","potentialAction":[{"@type":"ReadAction","target":["https:\/\/gymfrey.at\/?page_id=671"]}]},{"@type":"ImageObject","inLanguage":"de","@id":"https:\/\/gymfrey.at\/?page_id=671#primaryimage","url":"https:\/\/gymfrey.at\/wp-content\/uploads\/2025\/12\/ChatGPT-Image-1.-Dez.-2025-17_52_16.png","contentUrl":"https:\/\/gymfrey.at\/wp-content\/uploads\/2025\/12\/ChatGPT-Image-1.-Dez.-2025-17_52_16.png","width":1024,"height":1024},{"@type":"BreadcrumbList","@id":"https:\/\/gymfrey.at\/?page_id=671#breadcrumb","itemListElement":[{"@type":"ListItem","position":1,"name":"Startseite","item":"https:\/\/gymfrey.at\/"},{"@type":"ListItem","position":2,"name":"\u00d6FFNUNGSZEITEN"}]},{"@type":"WebSite","@id":"https:\/\/gymfrey.at\/#website","url":"https:\/\/gymfrey.at\/","name":"GYM FREY","description":"Train like a pro","publisher":{"@id":"https:\/\/gymfrey.at\/#organization"},"potentialAction":[{"@type":"SearchAction","target":{"@type":"EntryPoint","urlTemplate":"https:\/\/gymfrey.at\/?s={search_term_string}"},"query-input":{"@type":"PropertyValueSpecification","valueRequired":true,"valueName":"search_term_string"}}],"inLanguage":"de"},{"@type":"Organization","@id":"https:\/\/gymfrey.at\/#organization","name":"GYM FREY","url":"https:\/\/gymfrey.at\/","logo":{"@type":"ImageObject","inLanguage":"de","@id":"https:\/\/gymfrey.at\/#\/schema\/logo\/image\/","url":"https:\/\/gymfrey.at\/wp-content\/uploads\/2025\/07\/sigi-icon.png","contentUrl":"https:\/\/gymfrey.at\/wp-content\/uploads\/2025\/07\/sigi-icon.png","width":770,"height":481,"caption":"GYM FREY"},"image":{"@id":"https:\/\/gymfrey.at\/#\/schema\/logo\/image\/"},"sameAs":["https:\/\/www.instagram.com\/gymfrey.at"]}]}},"_links":{"self":[{"href":"https:\/\/gymfrey.at\/index.php?rest_route=\/wp\/v2\/pages\/671","targetHints":{"allow":["GET"]}}],"collection":[{"href":"https:\/\/gymfrey.at\/index.php?rest_route=\/wp\/v2\/pages"}],"about":[{"href":"https:\/\/gymfrey.at\/index.php?rest_route=\/wp\/v2\/types\/page"}],"author":[{"embeddable":true,"href":"https:\/\/gymfrey.at\/index.php?rest_route=\/wp\/v2\/users\/1"}],"replies":[{"embeddable":true,"href":"https:\/\/gymfrey.at\/index.php?rest_route=%2Fwp%2Fv2%2Fcomments&post=671"}],"version-history":[{"count":2,"href":"https:\/\/gymfrey.at\/index.php?rest_route=\/wp\/v2\/pages\/671\/revisions"}],"predecessor-version":[{"id":680,"href":"https:\/\/gymfrey.at\/index.php?rest_route=\/wp\/v2\/pages\/671\/revisions\/680"}],"wp:attachment":[{"href":"https:\/\/gymfrey.at\/index.php?rest_route=%2Fwp%2Fv2%2Fmedia&parent=671"}],"curies":[{"name":"wp","href":"https:\/\/api.w.org\/{rel}","templated":true}]}}