{"id":506,"date":"2025-11-20T20:19:00","date_gmt":"2025-11-20T20:19:00","guid":{"rendered":"https:\/\/gymfrey.at\/?page_id=506"},"modified":"2025-12-05T20:29:29","modified_gmt":"2025-12-05T20:29:29","slug":"firmen-2","status":"publish","type":"page","link":"https:\/\/gymfrey.at\/?page_id=506","title":{"rendered":"FIRMEN"},"content":{"rendered":"\n<div class=\"wp-block-group alignfull is-style-section-3 has-background has-global-padding is-layout-constrained wp-container-core-group-is-layout-cdf985e3 wp-block-group-is-layout-constrained is-style-section-3--1\" style=\"background:linear-gradient(135deg,rgb(143,1,1) 0%,rgb(0,0,0) 100%);min-height:100vh;margin-top:0;margin-bottom:0;padding-top:var(--wp--preset--spacing--80);padding-right:var(--wp--preset--spacing--80);padding-bottom:var(--wp--preset--spacing--80);padding-left:var(--wp--preset--spacing--80)\">\n<div class=\"wp-block-columns alignwide are-vertically-aligned-center is-layout-flex wp-container-core-columns-is-layout-643ced6b wp-block-columns-is-layout-flex\">\n<div class=\"wp-block-column is-vertically-aligned-center is-layout-flow wp-block-column-is-layout-flow\">\n<figure class=\"wp-block-image aligncenter size-full has-custom-border\"><img loading=\"lazy\" decoding=\"async\" width=\"1707\" height=\"2560\" src=\"https:\/\/gymfrey.at\/wp-content\/uploads\/2025\/11\/Foto-26-1-scaled.jpg\" alt=\"\" class=\"wp-image-512\" style=\"border-top-left-radius:150px;border-bottom-right-radius:150px;object-fit:cover\" srcset=\"https:\/\/gymfrey.at\/wp-content\/uploads\/2025\/11\/Foto-26-1-scaled.jpg 1707w, https:\/\/gymfrey.at\/wp-content\/uploads\/2025\/11\/Foto-26-1-200x300.jpg 200w, https:\/\/gymfrey.at\/wp-content\/uploads\/2025\/11\/Foto-26-1-683x1024.jpg 683w, https:\/\/gymfrey.at\/wp-content\/uploads\/2025\/11\/Foto-26-1-768x1152.jpg 768w, https:\/\/gymfrey.at\/wp-content\/uploads\/2025\/11\/Foto-26-1-1024x1536.jpg 1024w, https:\/\/gymfrey.at\/wp-content\/uploads\/2025\/11\/Foto-26-1-1365x2048.jpg 1365w\" sizes=\"auto, (max-width: 1707px) 100vw, 1707px\" \/><\/figure>\n<\/div>\n\n\n\n<div class=\"wp-block-column is-vertically-aligned-center is-layout-flow wp-block-column-is-layout-flow\">\n<div class=\"wp-block-group is-vertical is-content-justification-stretch is-layout-flex wp-container-core-group-is-layout-353c4f5a wp-block-group-is-layout-flex\">\n<h2 class=\"wp-block-heading has-text-align-left\">FIRMEN-PAKETE<\/h2>\n\n\n\n<p class=\"has-text-align-left\">Du m\u00f6chtest die Gesundheit und Motivation deiner Mitarbeiter f\u00f6rdern? Mit unseren individuellen Firmenpaketen finden wir gemeinsam das ideale Angebot f\u00fcr dein Team.<\/p>\n<\/div>\n<\/div>\n<\/div>\n<\/div>\n\n\n\n<div class=\"wp-block-group alignfull has-global-padding is-layout-constrained wp-block-group-is-layout-constrained\" style=\"margin-top:0;margin-bottom:0;padding-top:var(--wp--preset--spacing--80);padding-bottom:var(--wp--preset--spacing--80)\">\n<h2 class=\"wp-block-heading alignwide has-text-align-center has-x-large-font-size\"><strong>VORTEILE F\u00dcR UNTERNEHMEN<\/strong><\/h2>\n\n\n\n<p class=\"has-text-align-center\">Verbesserte Leistungsf\u00e4higkeit im Arbeitsalltag<\/p>\n\n\n\n<p class=\"has-text-align-center\">Reduzierte Krankheitsausf\u00e4lle<\/p>\n\n\n\n<p class=\"has-text-align-center\">H\u00f6here Motivation &amp; Produktivit\u00e4t<\/p>\n\n\n\n<p class=\"has-text-align-center\">Attraktivere Arbeitgebermarke<\/p>\n\n\n\n<p class=\"has-text-align-center\">Gest\u00e4rktes Teamgef\u00fchl<\/p>\n<\/div>\n\n\n\n<div class=\"wp-block-group alignfull is-style-section-2 has-global-padding is-layout-constrained wp-block-group-is-layout-constrained is-style-section-2--2\" style=\"margin-top:0;margin-bottom:0;padding-top:var(--wp--preset--spacing--80);padding-bottom:var(--wp--preset--spacing--80)\">\n<h2 class=\"wp-block-heading alignwide has-text-align-center has-x-large-font-size\"><strong>VORTEILE F\u00dcR MITARBEITER<\/strong><\/h2>\n\n\n\n<p class=\"has-text-align-center\">Sichtbare Fortschritte dank professioneller Begleitung<\/p>\n\n\n\n<p class=\"has-text-align-center\">Zugang zu modernem Training &amp; Coaching<\/p>\n\n\n\n<p class=\"has-text-align-center\">Flexible Trainingszeiten<\/p>\n\n\n\n<p class=\"has-text-align-center\">Besseres Wohlbefinden &amp; weniger Stress<\/p>\n<\/div>\n\n\n\n<div class=\"wp-block-group alignfull is-style-default has-global-padding is-layout-constrained wp-block-group-is-layout-constrained\" style=\"margin-top:0;margin-bottom:0;padding-top:var(--wp--preset--spacing--80);padding-bottom:var(--wp--preset--spacing--80)\">\n<h2 class=\"wp-block-heading has-text-align-center\">FIRMEN DIE BEREITS AUF UNS VERTRAUEN<\/h2>\n\n\n\n<div style=\"height:var(--wp--preset--spacing--30)\" aria-hidden=\"true\" class=\"wp-block-spacer\"><\/div>\n\n\n\n<div class=\"wp-block-group alignwide is-content-justification-center is-layout-flex wp-container-core-group-is-layout-2c471116 wp-block-group-is-layout-flex\">\n<figure class=\"wp-block-image size-full is-resized\"><img loading=\"lazy\" decoding=\"async\" width=\"300\" height=\"121\" src=\"https:\/\/gymfrey.at\/wp-content\/uploads\/2025\/09\/thumb_w300_h150_15025_Logo.webp\" alt=\"\" class=\"wp-image-415\" style=\"aspect-ratio:4\/3;object-fit:contain;width:150px\"\/><\/figure>\n\n\n\n<figure class=\"wp-block-image size-full is-resized\"><img loading=\"lazy\" decoding=\"async\" width=\"323\" height=\"323\" src=\"https:\/\/gymfrey.at\/wp-content\/uploads\/2025\/11\/Vaibz-White-Main-Logo.png\" alt=\"\" class=\"wp-image-509\" style=\"aspect-ratio:4\/3;object-fit:contain;width:150px\" srcset=\"https:\/\/gymfrey.at\/wp-content\/uploads\/2025\/11\/Vaibz-White-Main-Logo.png 323w, https:\/\/gymfrey.at\/wp-content\/uploads\/2025\/11\/Vaibz-White-Main-Logo-300x300.png 300w, https:\/\/gymfrey.at\/wp-content\/uploads\/2025\/11\/Vaibz-White-Main-Logo-150x150.png 150w\" sizes=\"auto, (max-width: 323px) 100vw, 323px\" \/><\/figure>\n\n\n\n<figure class=\"wp-block-image size-large is-resized\"><img loading=\"lazy\" decoding=\"async\" width=\"1024\" height=\"75\" src=\"https:\/\/gymfrey.at\/wp-content\/uploads\/2025\/11\/STFK-SIGN-1024x75.png\" alt=\"\" class=\"wp-image-510\" style=\"aspect-ratio:4\/3;object-fit:contain;width:150px\" srcset=\"https:\/\/gymfrey.at\/wp-content\/uploads\/2025\/11\/STFK-SIGN-1024x75.png 1024w, https:\/\/gymfrey.at\/wp-content\/uploads\/2025\/11\/STFK-SIGN-300x22.png 300w, https:\/\/gymfrey.at\/wp-content\/uploads\/2025\/11\/STFK-SIGN-768x56.png 768w, https:\/\/gymfrey.at\/wp-content\/uploads\/2025\/11\/STFK-SIGN.png 1072w\" sizes=\"auto, (max-width: 1024px) 100vw, 1024px\" \/><\/figure>\n\n\n\n<figure class=\"wp-block-image size-full is-resized\"><img loading=\"lazy\" decoding=\"async\" width=\"383\" height=\"60\" src=\"https:\/\/gymfrey.at\/wp-content\/uploads\/2025\/12\/unnamed.jpg\" alt=\"\" class=\"wp-image-683\" style=\"aspect-ratio:4\/3;object-fit:contain;width:150px\" srcset=\"https:\/\/gymfrey.at\/wp-content\/uploads\/2025\/12\/unnamed.jpg 383w, https:\/\/gymfrey.at\/wp-content\/uploads\/2025\/12\/unnamed-300x47.jpg 300w\" sizes=\"auto, (max-width: 383px) 100vw, 383px\" \/><\/figure>\n<\/div>\n<\/div>\n\n\n\n<div class=\"wp-block-group alignfull has-global-padding is-layout-constrained wp-container-core-group-is-layout-08655630 wp-block-group-is-layout-constrained\" style=\"margin-top:0;margin-bottom:0;padding-top:var(--wp--preset--spacing--80);padding-bottom:var(--wp--preset--spacing--80)\">\n<div class=\"wp-block-group alignwide is-layout-flow wp-block-group-is-layout-flow\">\n<p class=\"has-text-align-center is-style-text-display is-style-text-display--3\" style=\"font-style:normal;font-weight:400\">Hast du Fragen? <br><a href=\"#\" rel=\"nofollow\">Dann kannst uns gerne kontaktieren.<\/a><\/p>\n\n\n\n<p class=\"has-text-align-center\">office@gymfrey.at<\/p>\n\n\n\n<div style=\"height:var(--wp--preset--spacing--40)\" aria-hidden=\"true\" class=\"wp-block-spacer\"><\/div>\n<\/div>\n<\/div>\n","protected":false},"excerpt":{"rendered":"<p>FIRMEN-PAKETE Du m\u00f6chtest die Gesundheit und Motivation deiner Mitarbeiter f\u00f6rdern? Mit unseren individuellen Firmenpaketen finden wir gemeinsam das ideale Angebot f\u00fcr dein Team. VORTEILE F\u00dcR UNTERNEHMEN Verbesserte Leistungsf\u00e4higkeit im Arbeitsalltag Reduzierte Krankheitsausf\u00e4lle H\u00f6here Motivation &amp; Produktivit\u00e4t Attraktivere Arbeitgebermarke Gest\u00e4rktes Teamgef\u00fchl VORTEILE F\u00dcR MITARBEITER Sichtbare Fortschritte dank professioneller Begleitung Zugang zu modernem Training &amp; Coaching Flexible [&hellip;]<\/p>\n","protected":false},"author":1,"featured_media":0,"parent":0,"menu_order":0,"comment_status":"closed","ping_status":"closed","template":"","meta":{"footnotes":""},"class_list":["post-506","page","type-page","status-publish","hentry"],"yoast_head":"<!-- This site is optimized with the Yoast SEO plugin v25.9 - https:\/\/yoast.com\/wordpress\/plugins\/seo\/ -->\n<title>FIRMEN - GYM FREY<\/title>\n<meta name=\"robots\" content=\"index, follow, max-snippet:-1, max-image-preview:large, max-video-preview:-1\" \/>\n<link rel=\"canonical\" href=\"https:\/\/gymfrey.at\/?page_id=506\" \/>\n<meta property=\"og:locale\" content=\"de_DE\" \/>\n<meta property=\"og:type\" content=\"article\" \/>\n<meta property=\"og:title\" content=\"FIRMEN - GYM FREY\" \/>\n<meta property=\"og:description\" content=\"FIRMEN-PAKETE Du m\u00f6chtest die Gesundheit und Motivation deiner Mitarbeiter f\u00f6rdern? Mit unseren individuellen Firmenpaketen finden wir gemeinsam das ideale Angebot f\u00fcr dein Team. VORTEILE F\u00dcR UNTERNEHMEN Verbesserte Leistungsf\u00e4higkeit im Arbeitsalltag Reduzierte Krankheitsausf\u00e4lle H\u00f6here Motivation &amp; Produktivit\u00e4t Attraktivere Arbeitgebermarke Gest\u00e4rktes Teamgef\u00fchl VORTEILE F\u00dcR MITARBEITER Sichtbare Fortschritte dank professioneller Begleitung Zugang zu modernem Training &amp; Coaching Flexible [&hellip;]\" \/>\n<meta property=\"og:url\" content=\"https:\/\/gymfrey.at\/?page_id=506\" \/>\n<meta property=\"og:site_name\" content=\"GYM FREY\" \/>\n<meta property=\"article:modified_time\" content=\"2025-12-05T20:29:29+00:00\" \/>\n<meta property=\"og:image\" content=\"https:\/\/gymfrey.at\/wp-content\/uploads\/2025\/11\/Foto-26-1-scaled.jpg\" \/>\n\t<meta property=\"og:image:width\" content=\"1707\" \/>\n\t<meta property=\"og:image:height\" content=\"2560\" \/>\n\t<meta property=\"og:image:type\" content=\"image\/jpeg\" \/>\n<meta name=\"twitter:card\" content=\"summary_large_image\" \/>\n<meta name=\"twitter:label1\" content=\"Gesch\u00e4tzte Lesezeit\" \/>\n\t<meta name=\"twitter:data1\" content=\"2\u00a0Minuten\" \/>\n<script type=\"application\/ld+json\" class=\"yoast-schema-graph\">{\"@context\":\"https:\/\/schema.org\",\"@graph\":[{\"@type\":\"WebPage\",\"@id\":\"https:\/\/gymfrey.at\/?page_id=506\",\"url\":\"https:\/\/gymfrey.at\/?page_id=506\",\"name\":\"FIRMEN - GYM FREY\",\"isPartOf\":{\"@id\":\"https:\/\/gymfrey.at\/#website\"},\"primaryImageOfPage\":{\"@id\":\"https:\/\/gymfrey.at\/?page_id=506#primaryimage\"},\"image\":{\"@id\":\"https:\/\/gymfrey.at\/?page_id=506#primaryimage\"},\"thumbnailUrl\":\"https:\/\/gymfrey.at\/wp-content\/uploads\/2025\/11\/Foto-26-1-scaled.jpg\",\"datePublished\":\"2025-11-20T20:19:00+00:00\",\"dateModified\":\"2025-12-05T20:29:29+00:00\",\"breadcrumb\":{\"@id\":\"https:\/\/gymfrey.at\/?page_id=506#breadcrumb\"},\"inLanguage\":\"de\",\"potentialAction\":[{\"@type\":\"ReadAction\",\"target\":[\"https:\/\/gymfrey.at\/?page_id=506\"]}]},{\"@type\":\"ImageObject\",\"inLanguage\":\"de\",\"@id\":\"https:\/\/gymfrey.at\/?page_id=506#primaryimage\",\"url\":\"https:\/\/gymfrey.at\/wp-content\/uploads\/2025\/11\/Foto-26-1-scaled.jpg\",\"contentUrl\":\"https:\/\/gymfrey.at\/wp-content\/uploads\/2025\/11\/Foto-26-1-scaled.jpg\",\"width\":1707,\"height\":2560},{\"@type\":\"BreadcrumbList\",\"@id\":\"https:\/\/gymfrey.at\/?page_id=506#breadcrumb\",\"itemListElement\":[{\"@type\":\"ListItem\",\"position\":1,\"name\":\"Startseite\",\"item\":\"https:\/\/gymfrey.at\/\"},{\"@type\":\"ListItem\",\"position\":2,\"name\":\"FIRMEN\"}]},{\"@type\":\"WebSite\",\"@id\":\"https:\/\/gymfrey.at\/#website\",\"url\":\"https:\/\/gymfrey.at\/\",\"name\":\"GYM FREY\",\"description\":\"Train like a pro\",\"publisher\":{\"@id\":\"https:\/\/gymfrey.at\/#organization\"},\"potentialAction\":[{\"@type\":\"SearchAction\",\"target\":{\"@type\":\"EntryPoint\",\"urlTemplate\":\"https:\/\/gymfrey.at\/?s={search_term_string}\"},\"query-input\":{\"@type\":\"PropertyValueSpecification\",\"valueRequired\":true,\"valueName\":\"search_term_string\"}}],\"inLanguage\":\"de\"},{\"@type\":\"Organization\",\"@id\":\"https:\/\/gymfrey.at\/#organization\",\"name\":\"GYM FREY\",\"url\":\"https:\/\/gymfrey.at\/\",\"logo\":{\"@type\":\"ImageObject\",\"inLanguage\":\"de\",\"@id\":\"https:\/\/gymfrey.at\/#\/schema\/logo\/image\/\",\"url\":\"https:\/\/gymfrey.at\/wp-content\/uploads\/2025\/07\/sigi-icon.png\",\"contentUrl\":\"https:\/\/gymfrey.at\/wp-content\/uploads\/2025\/07\/sigi-icon.png\",\"width\":770,\"height\":481,\"caption\":\"GYM FREY\"},\"image\":{\"@id\":\"https:\/\/gymfrey.at\/#\/schema\/logo\/image\/\"},\"sameAs\":[\"https:\/\/www.instagram.com\/gymfrey.at\"]}]}<\/script>\n<!-- \/ Yoast SEO plugin. -->","yoast_head_json":{"title":"FIRMEN - GYM FREY","robots":{"index":"index","follow":"follow","max-snippet":"max-snippet:-1","max-image-preview":"max-image-preview:large","max-video-preview":"max-video-preview:-1"},"canonical":"https:\/\/gymfrey.at\/?page_id=506","og_locale":"de_DE","og_type":"article","og_title":"FIRMEN - GYM FREY","og_description":"FIRMEN-PAKETE Du m\u00f6chtest die Gesundheit und Motivation deiner Mitarbeiter f\u00f6rdern? Mit unseren individuellen Firmenpaketen finden wir gemeinsam das ideale Angebot f\u00fcr dein Team. VORTEILE F\u00dcR UNTERNEHMEN Verbesserte Leistungsf\u00e4higkeit im Arbeitsalltag Reduzierte Krankheitsausf\u00e4lle H\u00f6here Motivation &amp; Produktivit\u00e4t Attraktivere Arbeitgebermarke Gest\u00e4rktes Teamgef\u00fchl VORTEILE F\u00dcR MITARBEITER Sichtbare Fortschritte dank professioneller Begleitung Zugang zu modernem Training &amp; Coaching Flexible [&hellip;]","og_url":"https:\/\/gymfrey.at\/?page_id=506","og_site_name":"GYM FREY","article_modified_time":"2025-12-05T20:29:29+00:00","og_image":[{"width":1707,"height":2560,"url":"https:\/\/gymfrey.at\/wp-content\/uploads\/2025\/11\/Foto-26-1-scaled.jpg","type":"image\/jpeg"}],"twitter_card":"summary_large_image","twitter_misc":{"Gesch\u00e4tzte Lesezeit":"2\u00a0Minuten"},"schema":{"@context":"https:\/\/schema.org","@graph":[{"@type":"WebPage","@id":"https:\/\/gymfrey.at\/?page_id=506","url":"https:\/\/gymfrey.at\/?page_id=506","name":"FIRMEN - GYM FREY","isPartOf":{"@id":"https:\/\/gymfrey.at\/#website"},"primaryImageOfPage":{"@id":"https:\/\/gymfrey.at\/?page_id=506#primaryimage"},"image":{"@id":"https:\/\/gymfrey.at\/?page_id=506#primaryimage"},"thumbnailUrl":"https:\/\/gymfrey.at\/wp-content\/uploads\/2025\/11\/Foto-26-1-scaled.jpg","datePublished":"2025-11-20T20:19:00+00:00","dateModified":"2025-12-05T20:29:29+00:00","breadcrumb":{"@id":"https:\/\/gymfrey.at\/?page_id=506#breadcrumb"},"inLanguage":"de","potentialAction":[{"@type":"ReadAction","target":["https:\/\/gymfrey.at\/?page_id=506"]}]},{"@type":"ImageObject","inLanguage":"de","@id":"https:\/\/gymfrey.at\/?page_id=506#primaryimage","url":"https:\/\/gymfrey.at\/wp-content\/uploads\/2025\/11\/Foto-26-1-scaled.jpg","contentUrl":"https:\/\/gymfrey.at\/wp-content\/uploads\/2025\/11\/Foto-26-1-scaled.jpg","width":1707,"height":2560},{"@type":"BreadcrumbList","@id":"https:\/\/gymfrey.at\/?page_id=506#breadcrumb","itemListElement":[{"@type":"ListItem","position":1,"name":"Startseite","item":"https:\/\/gymfrey.at\/"},{"@type":"ListItem","position":2,"name":"FIRMEN"}]},{"@type":"WebSite","@id":"https:\/\/gymfrey.at\/#website","url":"https:\/\/gymfrey.at\/","name":"GYM FREY","description":"Train like a pro","publisher":{"@id":"https:\/\/gymfrey.at\/#organization"},"potentialAction":[{"@type":"SearchAction","target":{"@type":"EntryPoint","urlTemplate":"https:\/\/gymfrey.at\/?s={search_term_string}"},"query-input":{"@type":"PropertyValueSpecification","valueRequired":true,"valueName":"search_term_string"}}],"inLanguage":"de"},{"@type":"Organization","@id":"https:\/\/gymfrey.at\/#organization","name":"GYM FREY","url":"https:\/\/gymfrey.at\/","logo":{"@type":"ImageObject","inLanguage":"de","@id":"https:\/\/gymfrey.at\/#\/schema\/logo\/image\/","url":"https:\/\/gymfrey.at\/wp-content\/uploads\/2025\/07\/sigi-icon.png","contentUrl":"https:\/\/gymfrey.at\/wp-content\/uploads\/2025\/07\/sigi-icon.png","width":770,"height":481,"caption":"GYM FREY"},"image":{"@id":"https:\/\/gymfrey.at\/#\/schema\/logo\/image\/"},"sameAs":["https:\/\/www.instagram.com\/gymfrey.at"]}]}},"_links":{"self":[{"href":"https:\/\/gymfrey.at\/index.php?rest_route=\/wp\/v2\/pages\/506","targetHints":{"allow":["GET"]}}],"collection":[{"href":"https:\/\/gymfrey.at\/index.php?rest_route=\/wp\/v2\/pages"}],"about":[{"href":"https:\/\/gymfrey.at\/index.php?rest_route=\/wp\/v2\/types\/page"}],"author":[{"embeddable":true,"href":"https:\/\/gymfrey.at\/index.php?rest_route=\/wp\/v2\/users\/1"}],"replies":[{"embeddable":true,"href":"https:\/\/gymfrey.at\/index.php?rest_route=%2Fwp%2Fv2%2Fcomments&post=506"}],"version-history":[{"count":6,"href":"https:\/\/gymfrey.at\/index.php?rest_route=\/wp\/v2\/pages\/506\/revisions"}],"predecessor-version":[{"id":684,"href":"https:\/\/gymfrey.at\/index.php?rest_route=\/wp\/v2\/pages\/506\/revisions\/684"}],"wp:attachment":[{"href":"https:\/\/gymfrey.at\/index.php?rest_route=%2Fwp%2Fv2%2Fmedia&parent=506"}],"curies":[{"name":"wp","href":"https:\/\/api.w.org\/{rel}","templated":true}]}}