{"id":296,"date":"2025-09-02T12:42:36","date_gmt":"2025-09-02T12:42:36","guid":{"rendered":"https:\/\/gymfrey.at\/?page_id=296"},"modified":"2025-09-02T12:42:36","modified_gmt":"2025-09-02T12:42:36","slug":"hausregeln","status":"publish","type":"page","link":"https:\/\/gymfrey.at\/?page_id=296","title":{"rendered":"HAUSREGELN"},"content":{"rendered":"\n<div class=\"wp-block-cover alignfull is-light has-contrast-color has-text-color has-link-color wp-elements-118d2002dd71945249a77ca37f8d92ec\" style=\"margin-top:0;margin-bottom:0;padding-top:var(--wp--preset--spacing--60);padding-right:var(--wp--preset--spacing--50);padding-bottom:var(--wp--preset--spacing--60);padding-left:var(--wp--preset--spacing--50)\"><span aria-hidden=\"true\" class=\"wp-block-cover__background has-base-background-color has-background-dim-100 has-background-dim\"><\/span><div class=\"wp-block-cover__inner-container has-global-padding is-layout-constrained wp-container-core-cover-is-layout-873ee6b1 wp-block-cover-is-layout-constrained\">\n<div class=\"wp-block-columns alignwide is-layout-flex wp-container-core-columns-is-layout-7ee84d44 wp-block-columns-is-layout-flex\">\n<div class=\"wp-block-column is-layout-flow wp-block-column-is-layout-flow\" style=\"flex-basis:65%\">\n<div class=\"wp-block-group is-vertical is-content-justification-stretch is-layout-flex wp-container-core-group-is-layout-353c4f5a wp-block-group-is-layout-flex\">\n<h2 class=\"wp-block-heading has-text-align-left\" style=\"font-size:clamp(8.042rem, 8.042rem + ((1vw - 0.2rem) * 21.895), 22rem);font-style:normal;font-weight:300;letter-spacing:-0.03em;line-height:1.4\">Hey,<\/h2>\n\n\n\n<p class=\"is-style-text-subtitle is-style-text-subtitle--1\">Das ist die HAUSORDNUNG<br>der Frey-Sports GmbH<\/p>\n\n\n\n<p>Willkommen bei Frey-Sports! Damit sich alle Mitglieder bei uns wohlf\u00fchlen, legen wir Wert<br>auf ein respektvolles Miteinander und einen gepflegten Trainingsbereich. Die nachstehende<br>Hausordnung ist von jedem Mitglied einzuhalten:<\/p>\n\n\n\n<ol class=\"wp-block-list\">\n<li>Zutritt &amp; Mitgliedschaft:<br>\uf0b7 Ein Check-In ohne g\u00fcltige Mitgliedschaft ist nicht zul\u00e4ssig.<br>\uf0b7 Die Weitergabe der Zugangskarten, QR-Codes oder anderen Zutrittsmedien an Dritte<br>ist untersagt. Bei Zuwiderhandeln droht eine Geldstrafe von EUR 250,00. Bei<br>wiederholtem Versto\u00df ist die Frey-Sports GmbH berechtigt das Vertragsverh\u00e4ltnis mit<br>dem jeweiligen Mitglied mit sofortiger Wirkung aufzul\u00f6sen.<\/li>\n\n\n\n<li>Allgemeine Regeln:<br>\uf0b7 Der Zutritt zur Trainingsfl\u00e4che ist nur mit Sportkleidung und sauberen Sportschuhen<br>gestattet.<br>\uf0b7 F\u00fcr Wertgegenst\u00e4nde wird keine Haftung \u00fcbernommen.<br>\uf0b7 Den Anweisungen des Studiopersonals ist Folge zu leisten.<br>\uf0b7 Mitglieder, die unter Alkoholeinfluss stehen sowie Mitglieder, die unter erkennbaren<br>Einfluss von sonstigen Sucht- oder Bet\u00e4ubungsmitteln stehen, kann der Zutritt f\u00fcr die<br>Dauer der Beeintr\u00e4chtigung verweigert werden.<br>\uf0b7 Die Mitnahme von Waffen, Einnahme von alkoholischen Getr\u00e4nken, illegalen Sucht-<br>und Bet\u00e4ubungsmitteln sowie nicht zugelassener leistungssteigernder Mittel in den<br>R\u00e4umlichkeiten ist untersagt.<br>\uf0b7 Das Rauchen ist in den gesamten R\u00e4umlichkeiten untersagt.<\/li>\n\n\n\n<li>Verhalten im Trainingsbereich<\/li>\n<\/ol>\n\n\n\n<p>\uf0b7 R\u00fccksichtnahme hat oberste Priorit\u00e4t: Eine St\u00f6rung der anderen Mitglieder w\u00e4hrend<br>ihres Trainings ist nicht erw\u00fcnscht.<br>\uf0b7 W\u00e4hrend der Pausen sind Trainingsger\u00e4te f\u00fcr andere freizugeben.<br>\uf0b7 Alle Trainingsger\u00e4te, darunter auch Scheiben und Hanteln, sind nach Gebrauch an<br>ihren Platz zur\u00fcckzulegen.<\/p>\n\n\n\n<ol start=\"4\" class=\"wp-block-list\">\n<li>Hygienevorschriften:<br>\uf0b7 Das Mitglied hat ein Handtuch mitzuf\u00fchren, welches auf den Einrichtungen oder<br>Matten unterzulegen ist, um Schwei\u00df von diesen hintan zu halten.<br>\uf0b7 Nach dem Duschen ist der Zutritt zu den Umkleider\u00e4umlichkeiten nur im<br>abgetrockneten Zustand erlaubt.<br>\uf0b7 Rasieren in den Duschen ist nicht erlaubt.<br>\uf0b7 Umkleideschr\u00e4nke sind nach Nutzung geleert und unverschlossen zu hinterlassen.<br>Geschlossene Spinde werden t\u00e4glich geleert, zur\u00fcckgelassene Gegenst\u00e4nde werden<br>entsorgt oder sind an der Rezeption abzuholen.<\/li>\n\n\n\n<li>Sicherheitsvorschriften:<br>\uf0b7 S\u00e4mtliche Ger\u00e4te d\u00fcrfen nur ihrem Verwendungszweck entsprechend verwendet<br>werden. Es besteht die Verpflichtung jedes Mitglieds, sich bei Unkenntnis vor<br>Verwendung eines Trainingsger\u00e4tes \u00fcber die Anwendungshinweise und<br>Bedienungsvorschriften zu informieren und diese bei Verwendung der Ger\u00e4te zu<br>beachten. Bei diesbez\u00fcglichen Unklarheiten, insbesondere vor der ersten Bedienung<br>eines Ger\u00e4tes ist eine Einweisung seitens der Frey-Sports GmbH einzuholen.<br>\uf0b7 S\u00e4mtliche Einrichtungen, Trainingsger\u00e4te und Trainingsbereiche sind pfleglich und<br>schonend zu behandeln.<br>\uf0b7 Mitgebrachte Sachen sind ordnungsgem\u00e4\u00df in den daf\u00fcr vorgesehenen Spind zu<br>verstauen und d\u00fcrfen nicht im Fitnessstudio zur\u00fcckgelassen werden.<\/li>\n\n\n\n<li>Unterlassen von Gef\u00e4hrdungen und Bel\u00e4stigungen:<br>\uf0b7 Jedes Mitglied hat unn\u00f6tigen L\u00e4rm, Bel\u00e4stigungen und jede Gef\u00e4hrdung von anderen<br>Mitgliedern zu unterlassen.<br>\uf0b7 Private Videoaufnahmen (z. B. f\u00fcr Social Media) sind dann erlaubt, wenn keine<br>anderen Mitglieder gefilmt werden oder zu Zeiten mit geringer Auslastung. Die<\/li>\n<\/ol>\n\n\n\n<p>Anfertigung von Foto- und Videoaufnahmen anderer Mitglieder ist jedenfalls nur<br>nach deren vorheriger Einwilligung zul\u00e4ssig.<br>\uf0b7 Im Falle von Verletzungen anderer Mitglieder ist jedes Mitglied angehalten,<br>zumutbare Hilfeleistungsma\u00dfnahmen zu setzen und Erste Hilfe zu leisten.<\/p>\n\n\n\n<ol start=\"7\" class=\"wp-block-list\">\n<li>Personal Training<br>\uf0b7 Das Training mit einem externen Personal Trainer ist nur mit vorheriger Zustimmung<br>der Frey-Sports GmbH gestattet.<\/li>\n\n\n\n<li>Haftung f\u00fcr Shakes &amp; Speisen<br>\uf0b7 Kunden m\u00fcssen sich \u00fcber m\u00f6gliche Allergene in den angebotenen Shakes und<br>Speisen selbst informieren. Entsprechende Hinweise sind in der Lounge ausgeh\u00e4ngt.<br>\uf0b7 Der Konsum erfolgt auf eigene Verantwortung. Frey-Sports GmbH \u00fcbernimmt<br>diesbez\u00fcglich keine Haftung f\u00fcr Sch\u00e4den.<\/li>\n\n\n\n<li>Video\u00fcberwachung:<br>\uf0b7 Die Frey Sports Lounge sowie die Eingangsbereiche sind zum Zwecke der<br>Sicherheit video\u00fcberwacht.<br>\uf0b7 Die Aufzeichnungen dienen der Sicherheit und k\u00f6nnen zur Aufkl\u00e4rung von<br>Vorf\u00e4llen genutzt werden und werden entsprechend den gesetzlichen<br>Bestimmungen gel\u00f6scht.<\/li>\n<\/ol>\n\n\n\n<p>Deine Meinung z\u00e4hlt!<\/p>\n\n\n\n<p>Wir m\u00f6chten uns stetig verbessern \u2013 daher freuen wir uns \u00fcber Feedback und Anregungen.<br>Sprich einfach unser Team vor Ort an oder schreib uns auf office@gymfrey.at<br>Vielen Dank f\u00fcr dein Verst\u00e4ndnis und viel Spa\u00df beim Training!<\/p>\n\n\n\n<p class=\"is-style-text-subtitle is-style-text-subtitle--2\">Dein Frey-Sports Team<\/p>\n<\/div>\n<\/div>\n\n\n\n<div class=\"wp-block-column is-layout-flow wp-block-column-is-layout-flow\" style=\"flex-basis:35%\">\n<div class=\"wp-block-group is-vertical is-content-justification-stretch is-nowrap is-layout-flex wp-container-core-group-is-layout-73b0033c wp-block-group-is-layout-flex\">\n<figure class=\"wp-block-image size-full\"><img loading=\"lazy\" decoding=\"async\" width=\"1659\" height=\"2560\" src=\"https:\/\/gymfrey.at\/wp-content\/uploads\/2025\/07\/IMG_6270-scaled.jpeg\" alt=\"\" class=\"wp-image-17\" style=\"aspect-ratio:3\/4;object-fit:cover\" srcset=\"https:\/\/gymfrey.at\/wp-content\/uploads\/2025\/07\/IMG_6270-scaled.jpeg 1659w, https:\/\/gymfrey.at\/wp-content\/uploads\/2025\/07\/IMG_6270-194x300.jpeg 194w, https:\/\/gymfrey.at\/wp-content\/uploads\/2025\/07\/IMG_6270-664x1024.jpeg 664w, https:\/\/gymfrey.at\/wp-content\/uploads\/2025\/07\/IMG_6270-768x1185.jpeg 768w, https:\/\/gymfrey.at\/wp-content\/uploads\/2025\/07\/IMG_6270-995x1536.jpeg 995w, https:\/\/gymfrey.at\/wp-content\/uploads\/2025\/07\/IMG_6270-1327x2048.jpeg 1327w\" sizes=\"auto, (max-width: 1659px) 100vw, 1659px\" \/><\/figure>\n\n\n\n<p class=\"has-text-align-right has-x-large-font-size\" style=\"line-height:1.2\"><\/p>\n<\/div>\n<\/div>\n<\/div>\n<\/div><\/div>\n","protected":false},"excerpt":{"rendered":"","protected":false},"author":1,"featured_media":0,"parent":0,"menu_order":0,"comment_status":"closed","ping_status":"closed","template":"","meta":{"footnotes":""},"class_list":["post-296","page","type-page","status-publish","hentry"],"yoast_head":"<!-- This site is optimized with the Yoast SEO plugin v25.9 - https:\/\/yoast.com\/wordpress\/plugins\/seo\/ -->\n<title>HAUSREGELN - GYM FREY<\/title>\n<meta name=\"robots\" content=\"index, follow, max-snippet:-1, max-image-preview:large, max-video-preview:-1\" \/>\n<link rel=\"canonical\" href=\"https:\/\/gymfrey.at\/?page_id=296\" \/>\n<meta property=\"og:locale\" content=\"de_DE\" \/>\n<meta property=\"og:type\" content=\"article\" \/>\n<meta property=\"og:title\" content=\"HAUSREGELN - GYM FREY\" \/>\n<meta property=\"og:url\" content=\"https:\/\/gymfrey.at\/?page_id=296\" \/>\n<meta property=\"og:site_name\" content=\"GYM FREY\" \/>\n<meta property=\"og:image\" content=\"https:\/\/gymfrey.at\/wp-content\/uploads\/2025\/07\/IMG_6270-scaled.jpeg\" \/>\n\t<meta property=\"og:image:width\" content=\"1659\" \/>\n\t<meta property=\"og:image:height\" content=\"2560\" \/>\n\t<meta property=\"og:image:type\" content=\"image\/jpeg\" \/>\n<meta name=\"twitter:card\" content=\"summary_large_image\" \/>\n<meta name=\"twitter:label1\" content=\"Gesch\u00e4tzte Lesezeit\" \/>\n\t<meta name=\"twitter:data1\" content=\"3\u00a0Minuten\" \/>\n<script type=\"application\/ld+json\" class=\"yoast-schema-graph\">{\"@context\":\"https:\/\/schema.org\",\"@graph\":[{\"@type\":\"WebPage\",\"@id\":\"https:\/\/gymfrey.at\/?page_id=296\",\"url\":\"https:\/\/gymfrey.at\/?page_id=296\",\"name\":\"HAUSREGELN - GYM FREY\",\"isPartOf\":{\"@id\":\"https:\/\/gymfrey.at\/#website\"},\"primaryImageOfPage\":{\"@id\":\"https:\/\/gymfrey.at\/?page_id=296#primaryimage\"},\"image\":{\"@id\":\"https:\/\/gymfrey.at\/?page_id=296#primaryimage\"},\"thumbnailUrl\":\"https:\/\/gymfrey.at\/wp-content\/uploads\/2025\/07\/IMG_6270-scaled.jpeg\",\"datePublished\":\"2025-09-02T12:42:36+00:00\",\"breadcrumb\":{\"@id\":\"https:\/\/gymfrey.at\/?page_id=296#breadcrumb\"},\"inLanguage\":\"de\",\"potentialAction\":[{\"@type\":\"ReadAction\",\"target\":[\"https:\/\/gymfrey.at\/?page_id=296\"]}]},{\"@type\":\"ImageObject\",\"inLanguage\":\"de\",\"@id\":\"https:\/\/gymfrey.at\/?page_id=296#primaryimage\",\"url\":\"https:\/\/gymfrey.at\/wp-content\/uploads\/2025\/07\/IMG_6270-scaled.jpeg\",\"contentUrl\":\"https:\/\/gymfrey.at\/wp-content\/uploads\/2025\/07\/IMG_6270-scaled.jpeg\",\"width\":1659,\"height\":2560},{\"@type\":\"BreadcrumbList\",\"@id\":\"https:\/\/gymfrey.at\/?page_id=296#breadcrumb\",\"itemListElement\":[{\"@type\":\"ListItem\",\"position\":1,\"name\":\"Startseite\",\"item\":\"https:\/\/gymfrey.at\/\"},{\"@type\":\"ListItem\",\"position\":2,\"name\":\"HAUSREGELN\"}]},{\"@type\":\"WebSite\",\"@id\":\"https:\/\/gymfrey.at\/#website\",\"url\":\"https:\/\/gymfrey.at\/\",\"name\":\"GYM FREY\",\"description\":\"Train like a pro\",\"publisher\":{\"@id\":\"https:\/\/gymfrey.at\/#organization\"},\"potentialAction\":[{\"@type\":\"SearchAction\",\"target\":{\"@type\":\"EntryPoint\",\"urlTemplate\":\"https:\/\/gymfrey.at\/?s={search_term_string}\"},\"query-input\":{\"@type\":\"PropertyValueSpecification\",\"valueRequired\":true,\"valueName\":\"search_term_string\"}}],\"inLanguage\":\"de\"},{\"@type\":\"Organization\",\"@id\":\"https:\/\/gymfrey.at\/#organization\",\"name\":\"GYM FREY\",\"url\":\"https:\/\/gymfrey.at\/\",\"logo\":{\"@type\":\"ImageObject\",\"inLanguage\":\"de\",\"@id\":\"https:\/\/gymfrey.at\/#\/schema\/logo\/image\/\",\"url\":\"https:\/\/gymfrey.at\/wp-content\/uploads\/2025\/07\/sigi-icon.png\",\"contentUrl\":\"https:\/\/gymfrey.at\/wp-content\/uploads\/2025\/07\/sigi-icon.png\",\"width\":770,\"height\":481,\"caption\":\"GYM FREY\"},\"image\":{\"@id\":\"https:\/\/gymfrey.at\/#\/schema\/logo\/image\/\"},\"sameAs\":[\"https:\/\/www.instagram.com\/gymfrey.at\"]}]}<\/script>\n<!-- \/ Yoast SEO plugin. -->","yoast_head_json":{"title":"HAUSREGELN - GYM FREY","robots":{"index":"index","follow":"follow","max-snippet":"max-snippet:-1","max-image-preview":"max-image-preview:large","max-video-preview":"max-video-preview:-1"},"canonical":"https:\/\/gymfrey.at\/?page_id=296","og_locale":"de_DE","og_type":"article","og_title":"HAUSREGELN - GYM FREY","og_url":"https:\/\/gymfrey.at\/?page_id=296","og_site_name":"GYM FREY","og_image":[{"width":1659,"height":2560,"url":"https:\/\/gymfrey.at\/wp-content\/uploads\/2025\/07\/IMG_6270-scaled.jpeg","type":"image\/jpeg"}],"twitter_card":"summary_large_image","twitter_misc":{"Gesch\u00e4tzte Lesezeit":"3\u00a0Minuten"},"schema":{"@context":"https:\/\/schema.org","@graph":[{"@type":"WebPage","@id":"https:\/\/gymfrey.at\/?page_id=296","url":"https:\/\/gymfrey.at\/?page_id=296","name":"HAUSREGELN - GYM FREY","isPartOf":{"@id":"https:\/\/gymfrey.at\/#website"},"primaryImageOfPage":{"@id":"https:\/\/gymfrey.at\/?page_id=296#primaryimage"},"image":{"@id":"https:\/\/gymfrey.at\/?page_id=296#primaryimage"},"thumbnailUrl":"https:\/\/gymfrey.at\/wp-content\/uploads\/2025\/07\/IMG_6270-scaled.jpeg","datePublished":"2025-09-02T12:42:36+00:00","breadcrumb":{"@id":"https:\/\/gymfrey.at\/?page_id=296#breadcrumb"},"inLanguage":"de","potentialAction":[{"@type":"ReadAction","target":["https:\/\/gymfrey.at\/?page_id=296"]}]},{"@type":"ImageObject","inLanguage":"de","@id":"https:\/\/gymfrey.at\/?page_id=296#primaryimage","url":"https:\/\/gymfrey.at\/wp-content\/uploads\/2025\/07\/IMG_6270-scaled.jpeg","contentUrl":"https:\/\/gymfrey.at\/wp-content\/uploads\/2025\/07\/IMG_6270-scaled.jpeg","width":1659,"height":2560},{"@type":"BreadcrumbList","@id":"https:\/\/gymfrey.at\/?page_id=296#breadcrumb","itemListElement":[{"@type":"ListItem","position":1,"name":"Startseite","item":"https:\/\/gymfrey.at\/"},{"@type":"ListItem","position":2,"name":"HAUSREGELN"}]},{"@type":"WebSite","@id":"https:\/\/gymfrey.at\/#website","url":"https:\/\/gymfrey.at\/","name":"GYM FREY","description":"Train like a pro","publisher":{"@id":"https:\/\/gymfrey.at\/#organization"},"potentialAction":[{"@type":"SearchAction","target":{"@type":"EntryPoint","urlTemplate":"https:\/\/gymfrey.at\/?s={search_term_string}"},"query-input":{"@type":"PropertyValueSpecification","valueRequired":true,"valueName":"search_term_string"}}],"inLanguage":"de"},{"@type":"Organization","@id":"https:\/\/gymfrey.at\/#organization","name":"GYM FREY","url":"https:\/\/gymfrey.at\/","logo":{"@type":"ImageObject","inLanguage":"de","@id":"https:\/\/gymfrey.at\/#\/schema\/logo\/image\/","url":"https:\/\/gymfrey.at\/wp-content\/uploads\/2025\/07\/sigi-icon.png","contentUrl":"https:\/\/gymfrey.at\/wp-content\/uploads\/2025\/07\/sigi-icon.png","width":770,"height":481,"caption":"GYM FREY"},"image":{"@id":"https:\/\/gymfrey.at\/#\/schema\/logo\/image\/"},"sameAs":["https:\/\/www.instagram.com\/gymfrey.at"]}]}},"_links":{"self":[{"href":"https:\/\/gymfrey.at\/index.php?rest_route=\/wp\/v2\/pages\/296","targetHints":{"allow":["GET"]}}],"collection":[{"href":"https:\/\/gymfrey.at\/index.php?rest_route=\/wp\/v2\/pages"}],"about":[{"href":"https:\/\/gymfrey.at\/index.php?rest_route=\/wp\/v2\/types\/page"}],"author":[{"embeddable":true,"href":"https:\/\/gymfrey.at\/index.php?rest_route=\/wp\/v2\/users\/1"}],"replies":[{"embeddable":true,"href":"https:\/\/gymfrey.at\/index.php?rest_route=%2Fwp%2Fv2%2Fcomments&post=296"}],"version-history":[{"count":1,"href":"https:\/\/gymfrey.at\/index.php?rest_route=\/wp\/v2\/pages\/296\/revisions"}],"predecessor-version":[{"id":297,"href":"https:\/\/gymfrey.at\/index.php?rest_route=\/wp\/v2\/pages\/296\/revisions\/297"}],"wp:attachment":[{"href":"https:\/\/gymfrey.at\/index.php?rest_route=%2Fwp%2Fv2%2Fmedia&parent=296"}],"curies":[{"name":"wp","href":"https:\/\/api.w.org\/{rel}","templated":true}]}}