{"id":246,"date":"2025-08-11T18:50:16","date_gmt":"2025-08-11T18:50:16","guid":{"rendered":"https:\/\/gymfrey.at\/?page_id=246"},"modified":"2025-09-02T12:29:25","modified_gmt":"2025-09-02T12:29:25","slug":"impressum","status":"publish","type":"page","link":"https:\/\/gymfrey.at\/?page_id=246","title":{"rendered":"IMPRESSUM"},"content":{"rendered":"\n<div class=\"wp-block-group alignfull is-style-default has-global-padding is-layout-constrained wp-block-group-is-layout-constrained\" style=\"margin-top:0;margin-bottom:0;padding-top:var(--wp--preset--spacing--80);padding-bottom:var(--wp--preset--spacing--80)\">\n<div class=\"wp-block-columns alignwide is-layout-flex wp-container-core-columns-is-layout-66fad18a wp-block-columns-is-layout-flex\">\n<div class=\"wp-block-column is-layout-flow wp-block-column-is-layout-flow\" style=\"padding-right:var(--wp--preset--spacing--50);flex-basis:45%\">\n<figure class=\"wp-block-image size-full\"><img loading=\"lazy\" decoding=\"async\" width=\"2560\" height=\"1710\" src=\"https:\/\/gymfrey.at\/wp-content\/uploads\/2025\/08\/trent-erwin-UgA3Xvi3SkA-unsplash-scaled.jpg\" alt=\"\" class=\"wp-image-248\" srcset=\"https:\/\/gymfrey.at\/wp-content\/uploads\/2025\/08\/trent-erwin-UgA3Xvi3SkA-unsplash-scaled.jpg 2560w, https:\/\/gymfrey.at\/wp-content\/uploads\/2025\/08\/trent-erwin-UgA3Xvi3SkA-unsplash-300x200.jpg 300w, https:\/\/gymfrey.at\/wp-content\/uploads\/2025\/08\/trent-erwin-UgA3Xvi3SkA-unsplash-1024x684.jpg 1024w, https:\/\/gymfrey.at\/wp-content\/uploads\/2025\/08\/trent-erwin-UgA3Xvi3SkA-unsplash-768x513.jpg 768w, https:\/\/gymfrey.at\/wp-content\/uploads\/2025\/08\/trent-erwin-UgA3Xvi3SkA-unsplash-1536x1026.jpg 1536w, https:\/\/gymfrey.at\/wp-content\/uploads\/2025\/08\/trent-erwin-UgA3Xvi3SkA-unsplash-2048x1368.jpg 2048w\" sizes=\"auto, (max-width: 2560px) 100vw, 2560px\" \/><\/figure>\n\n\n\n<div class=\"wp-block-group has-global-padding is-layout-constrained wp-block-group-is-layout-constrained\" style=\"margin-top:-12vw\">\n<figure class=\"wp-block-image alignright size-full is-resized\" style=\"margin-right:-5vw;margin-left:-5vw\"><img loading=\"lazy\" decoding=\"async\" width=\"2560\" height=\"1707\" src=\"https:\/\/gymfrey.at\/wp-content\/uploads\/2025\/08\/tingey-injury-law-firm-DZpc4UY8ZtY-unsplash-scaled.jpg\" alt=\"\" class=\"wp-image-249\" style=\"width:202px\" srcset=\"https:\/\/gymfrey.at\/wp-content\/uploads\/2025\/08\/tingey-injury-law-firm-DZpc4UY8ZtY-unsplash-scaled.jpg 2560w, https:\/\/gymfrey.at\/wp-content\/uploads\/2025\/08\/tingey-injury-law-firm-DZpc4UY8ZtY-unsplash-300x200.jpg 300w, https:\/\/gymfrey.at\/wp-content\/uploads\/2025\/08\/tingey-injury-law-firm-DZpc4UY8ZtY-unsplash-1024x683.jpg 1024w, https:\/\/gymfrey.at\/wp-content\/uploads\/2025\/08\/tingey-injury-law-firm-DZpc4UY8ZtY-unsplash-768x512.jpg 768w, https:\/\/gymfrey.at\/wp-content\/uploads\/2025\/08\/tingey-injury-law-firm-DZpc4UY8ZtY-unsplash-1536x1024.jpg 1536w, https:\/\/gymfrey.at\/wp-content\/uploads\/2025\/08\/tingey-injury-law-firm-DZpc4UY8ZtY-unsplash-2048x1365.jpg 2048w\" sizes=\"auto, (max-width: 2560px) 100vw, 2560px\" \/><\/figure>\n<\/div>\n<\/div>\n\n\n\n<div class=\"wp-block-column is-vertically-aligned-center is-layout-flow wp-block-column-is-layout-flow\" style=\"padding-right:0;padding-left:0;flex-basis:50%\">\n<div class=\"wp-block-group is-vertical is-layout-flex wp-container-core-group-is-layout-fe9cc265 wp-block-group-is-layout-flex\">\n<h2 class=\"wp-block-heading is-style-text-annotation is-style-text-annotation--1\">Impressum<\/h2>\n<\/div>\n\n\n\n<p><strong>Frey-Sports GmbH<\/strong><br>Lafnitz 38<br>8233 Lafnitz<br>\u00d6sterreich<\/p>\n\n\n\n<p><strong>E-Mail:<\/strong>&nbsp;<a href=\"mailto:daniela.frey@gymfrey.at\" target=\"_blank\" rel=\"noreferrer noopener\">daniela.frey@gymfrey.at<\/a><\/p>\n\n\n\n<p><strong>Firmenbuchnummer:<\/strong>&nbsp;FN 647435 k<br><strong>Firmenbuchgericht:<\/strong>&nbsp;Landesgericht f\u00fcr Zivilrechtssachen Graz<br><strong>UID-Nummer:<\/strong>&nbsp;ATU81846326<\/p>\n\n\n\n<p>T: +43 664 2440621<\/p>\n\n\n\n<p><strong>Gesch\u00e4ftsf\u00fchrer:<\/strong>&nbsp;Daniela Frey<\/p>\n\n\n\n<p><strong>Firmensitz:<\/strong>\u00a0Lafnitz, \u00d6sterreich<\/p>\n\n\n\n<p><strong>Unternehmensgegenstand:<\/strong>&nbsp;Betrieb eines Fitnessstudios und Erbringung damit verbundener Dienstleistungen<\/p>\n\n\n\n<p><strong>Mitgliedschaften:<\/strong>&nbsp;Wirtschaftskammer \u00d6sterreich (WKO)<\/p>\n\n\n\n<p><strong>Aufsichtsbeh\u00f6rde:<\/strong>&nbsp;Bezirkshauptmannschaft Hartberg &#8211; F\u00fcrstenfeld<\/p>\n\n\n\n<p><strong>Verbraucherstreitbeilegung:<\/strong><\/p>\n\n\n\n<p>Wir sind nicht verpflichtet und nicht bereit, an Streitbeilegungsverfahren vor einer Verbraucherschlichtungsstelle teilzunehmen.<\/p>\n\n\n\n<p><strong>Haftungsausschluss:<\/strong><br>Alle Inhalte auf dieser Website wurden mit gr\u00f6\u00dfter Sorgfalt erstellt. F\u00fcr die Richtigkeit, Vollst\u00e4ndigkeit und Aktualit\u00e4t der Inhalte \u00fcbernehmen wir jedoch keine Haftung.<\/p>\n\n\n\n<p><strong>Urheberrecht:<\/strong><br>Die Inhalte und Werke auf dieser Website unterliegen dem \u00f6sterreichischen Urheberrecht.<\/p>\n<\/div>\n<\/div>\n<\/div>\n","protected":false},"excerpt":{"rendered":"<p>Impressum Frey-Sports GmbHLafnitz 388233 Lafnitz\u00d6sterreich E-Mail:&nbsp;daniela.frey@gymfrey.at Firmenbuchnummer:&nbsp;FN 647435 kFirmenbuchgericht:&nbsp;Landesgericht f\u00fcr Zivilrechtssachen GrazUID-Nummer:&nbsp;ATU81846326 T: +43 664 2440621 Gesch\u00e4ftsf\u00fchrer:&nbsp;Daniela Frey Firmensitz:\u00a0Lafnitz, \u00d6sterreich Unternehmensgegenstand:&nbsp;Betrieb eines Fitnessstudios und Erbringung damit verbundener Dienstleistungen Mitgliedschaften:&nbsp;Wirtschaftskammer \u00d6sterreich (WKO) Aufsichtsbeh\u00f6rde:&nbsp;Bezirkshauptmannschaft Hartberg &#8211; F\u00fcrstenfeld Verbraucherstreitbeilegung: Wir sind nicht verpflichtet und nicht bereit, an Streitbeilegungsverfahren vor einer Verbraucherschlichtungsstelle teilzunehmen. Haftungsausschluss:Alle Inhalte auf dieser Website wurden [&hellip;]<\/p>\n","protected":false},"author":1,"featured_media":0,"parent":0,"menu_order":0,"comment_status":"closed","ping_status":"closed","template":"","meta":{"footnotes":""},"class_list":["post-246","page","type-page","status-publish","hentry"],"yoast_head":"<!-- This site is optimized with the Yoast SEO plugin v25.9 - https:\/\/yoast.com\/wordpress\/plugins\/seo\/ -->\n<title>IMPRESSUM - GYM FREY<\/title>\n<meta name=\"robots\" content=\"index, follow, max-snippet:-1, max-image-preview:large, max-video-preview:-1\" \/>\n<link rel=\"canonical\" href=\"https:\/\/gymfrey.at\/?page_id=246\" \/>\n<meta property=\"og:locale\" content=\"de_DE\" \/>\n<meta property=\"og:type\" content=\"article\" \/>\n<meta property=\"og:title\" content=\"IMPRESSUM - GYM FREY\" \/>\n<meta property=\"og:description\" content=\"Impressum Frey-Sports GmbHLafnitz 388233 Lafnitz\u00d6sterreich E-Mail:&nbsp;daniela.frey@gymfrey.at Firmenbuchnummer:&nbsp;FN 647435 kFirmenbuchgericht:&nbsp;Landesgericht f\u00fcr Zivilrechtssachen GrazUID-Nummer:&nbsp;ATU81846326 T: +43 664 2440621 Gesch\u00e4ftsf\u00fchrer:&nbsp;Daniela Frey Firmensitz:\u00a0Lafnitz, \u00d6sterreich Unternehmensgegenstand:&nbsp;Betrieb eines Fitnessstudios und Erbringung damit verbundener Dienstleistungen Mitgliedschaften:&nbsp;Wirtschaftskammer \u00d6sterreich (WKO) Aufsichtsbeh\u00f6rde:&nbsp;Bezirkshauptmannschaft Hartberg &#8211; F\u00fcrstenfeld Verbraucherstreitbeilegung: Wir sind nicht verpflichtet und nicht bereit, an Streitbeilegungsverfahren vor einer Verbraucherschlichtungsstelle teilzunehmen. Haftungsausschluss:Alle Inhalte auf dieser Website wurden [&hellip;]\" \/>\n<meta property=\"og:url\" content=\"https:\/\/gymfrey.at\/?page_id=246\" \/>\n<meta property=\"og:site_name\" content=\"GYM FREY\" \/>\n<meta property=\"article:modified_time\" content=\"2025-09-02T12:29:25+00:00\" \/>\n<meta property=\"og:image\" content=\"https:\/\/gymfrey.at\/wp-content\/uploads\/2025\/08\/trent-erwin-UgA3Xvi3SkA-unsplash-scaled.jpg\" \/>\n\t<meta property=\"og:image:width\" content=\"2560\" \/>\n\t<meta property=\"og:image:height\" content=\"1710\" \/>\n\t<meta property=\"og:image:type\" content=\"image\/jpeg\" \/>\n<meta name=\"twitter:card\" content=\"summary_large_image\" \/>\n<meta name=\"twitter:label1\" content=\"Gesch\u00e4tzte Lesezeit\" \/>\n\t<meta name=\"twitter:data1\" content=\"1\u00a0Minute\" \/>\n<script type=\"application\/ld+json\" class=\"yoast-schema-graph\">{\"@context\":\"https:\/\/schema.org\",\"@graph\":[{\"@type\":\"WebPage\",\"@id\":\"https:\/\/gymfrey.at\/?page_id=246\",\"url\":\"https:\/\/gymfrey.at\/?page_id=246\",\"name\":\"IMPRESSUM - GYM FREY\",\"isPartOf\":{\"@id\":\"https:\/\/gymfrey.at\/#website\"},\"primaryImageOfPage\":{\"@id\":\"https:\/\/gymfrey.at\/?page_id=246#primaryimage\"},\"image\":{\"@id\":\"https:\/\/gymfrey.at\/?page_id=246#primaryimage\"},\"thumbnailUrl\":\"https:\/\/gymfrey.at\/wp-content\/uploads\/2025\/08\/trent-erwin-UgA3Xvi3SkA-unsplash-scaled.jpg\",\"datePublished\":\"2025-08-11T18:50:16+00:00\",\"dateModified\":\"2025-09-02T12:29:25+00:00\",\"breadcrumb\":{\"@id\":\"https:\/\/gymfrey.at\/?page_id=246#breadcrumb\"},\"inLanguage\":\"de\",\"potentialAction\":[{\"@type\":\"ReadAction\",\"target\":[\"https:\/\/gymfrey.at\/?page_id=246\"]}]},{\"@type\":\"ImageObject\",\"inLanguage\":\"de\",\"@id\":\"https:\/\/gymfrey.at\/?page_id=246#primaryimage\",\"url\":\"https:\/\/gymfrey.at\/wp-content\/uploads\/2025\/08\/trent-erwin-UgA3Xvi3SkA-unsplash-scaled.jpg\",\"contentUrl\":\"https:\/\/gymfrey.at\/wp-content\/uploads\/2025\/08\/trent-erwin-UgA3Xvi3SkA-unsplash-scaled.jpg\",\"width\":2560,\"height\":1710},{\"@type\":\"BreadcrumbList\",\"@id\":\"https:\/\/gymfrey.at\/?page_id=246#breadcrumb\",\"itemListElement\":[{\"@type\":\"ListItem\",\"position\":1,\"name\":\"Startseite\",\"item\":\"https:\/\/gymfrey.at\/\"},{\"@type\":\"ListItem\",\"position\":2,\"name\":\"IMPRESSUM\"}]},{\"@type\":\"WebSite\",\"@id\":\"https:\/\/gymfrey.at\/#website\",\"url\":\"https:\/\/gymfrey.at\/\",\"name\":\"GYM FREY\",\"description\":\"Train like a pro\",\"publisher\":{\"@id\":\"https:\/\/gymfrey.at\/#organization\"},\"potentialAction\":[{\"@type\":\"SearchAction\",\"target\":{\"@type\":\"EntryPoint\",\"urlTemplate\":\"https:\/\/gymfrey.at\/?s={search_term_string}\"},\"query-input\":{\"@type\":\"PropertyValueSpecification\",\"valueRequired\":true,\"valueName\":\"search_term_string\"}}],\"inLanguage\":\"de\"},{\"@type\":\"Organization\",\"@id\":\"https:\/\/gymfrey.at\/#organization\",\"name\":\"GYM FREY\",\"url\":\"https:\/\/gymfrey.at\/\",\"logo\":{\"@type\":\"ImageObject\",\"inLanguage\":\"de\",\"@id\":\"https:\/\/gymfrey.at\/#\/schema\/logo\/image\/\",\"url\":\"https:\/\/gymfrey.at\/wp-content\/uploads\/2025\/07\/sigi-icon.png\",\"contentUrl\":\"https:\/\/gymfrey.at\/wp-content\/uploads\/2025\/07\/sigi-icon.png\",\"width\":770,\"height\":481,\"caption\":\"GYM FREY\"},\"image\":{\"@id\":\"https:\/\/gymfrey.at\/#\/schema\/logo\/image\/\"},\"sameAs\":[\"https:\/\/www.instagram.com\/gymfrey.at\"]}]}<\/script>\n<!-- \/ Yoast SEO plugin. -->","yoast_head_json":{"title":"IMPRESSUM - GYM FREY","robots":{"index":"index","follow":"follow","max-snippet":"max-snippet:-1","max-image-preview":"max-image-preview:large","max-video-preview":"max-video-preview:-1"},"canonical":"https:\/\/gymfrey.at\/?page_id=246","og_locale":"de_DE","og_type":"article","og_title":"IMPRESSUM - GYM FREY","og_description":"Impressum Frey-Sports GmbHLafnitz 388233 Lafnitz\u00d6sterreich E-Mail:&nbsp;daniela.frey@gymfrey.at Firmenbuchnummer:&nbsp;FN 647435 kFirmenbuchgericht:&nbsp;Landesgericht f\u00fcr Zivilrechtssachen GrazUID-Nummer:&nbsp;ATU81846326 T: +43 664 2440621 Gesch\u00e4ftsf\u00fchrer:&nbsp;Daniela Frey Firmensitz:\u00a0Lafnitz, \u00d6sterreich Unternehmensgegenstand:&nbsp;Betrieb eines Fitnessstudios und Erbringung damit verbundener Dienstleistungen Mitgliedschaften:&nbsp;Wirtschaftskammer \u00d6sterreich (WKO) Aufsichtsbeh\u00f6rde:&nbsp;Bezirkshauptmannschaft Hartberg &#8211; F\u00fcrstenfeld Verbraucherstreitbeilegung: Wir sind nicht verpflichtet und nicht bereit, an Streitbeilegungsverfahren vor einer Verbraucherschlichtungsstelle teilzunehmen. Haftungsausschluss:Alle Inhalte auf dieser Website wurden [&hellip;]","og_url":"https:\/\/gymfrey.at\/?page_id=246","og_site_name":"GYM FREY","article_modified_time":"2025-09-02T12:29:25+00:00","og_image":[{"width":2560,"height":1710,"url":"https:\/\/gymfrey.at\/wp-content\/uploads\/2025\/08\/trent-erwin-UgA3Xvi3SkA-unsplash-scaled.jpg","type":"image\/jpeg"}],"twitter_card":"summary_large_image","twitter_misc":{"Gesch\u00e4tzte Lesezeit":"1\u00a0Minute"},"schema":{"@context":"https:\/\/schema.org","@graph":[{"@type":"WebPage","@id":"https:\/\/gymfrey.at\/?page_id=246","url":"https:\/\/gymfrey.at\/?page_id=246","name":"IMPRESSUM - GYM FREY","isPartOf":{"@id":"https:\/\/gymfrey.at\/#website"},"primaryImageOfPage":{"@id":"https:\/\/gymfrey.at\/?page_id=246#primaryimage"},"image":{"@id":"https:\/\/gymfrey.at\/?page_id=246#primaryimage"},"thumbnailUrl":"https:\/\/gymfrey.at\/wp-content\/uploads\/2025\/08\/trent-erwin-UgA3Xvi3SkA-unsplash-scaled.jpg","datePublished":"2025-08-11T18:50:16+00:00","dateModified":"2025-09-02T12:29:25+00:00","breadcrumb":{"@id":"https:\/\/gymfrey.at\/?page_id=246#breadcrumb"},"inLanguage":"de","potentialAction":[{"@type":"ReadAction","target":["https:\/\/gymfrey.at\/?page_id=246"]}]},{"@type":"ImageObject","inLanguage":"de","@id":"https:\/\/gymfrey.at\/?page_id=246#primaryimage","url":"https:\/\/gymfrey.at\/wp-content\/uploads\/2025\/08\/trent-erwin-UgA3Xvi3SkA-unsplash-scaled.jpg","contentUrl":"https:\/\/gymfrey.at\/wp-content\/uploads\/2025\/08\/trent-erwin-UgA3Xvi3SkA-unsplash-scaled.jpg","width":2560,"height":1710},{"@type":"BreadcrumbList","@id":"https:\/\/gymfrey.at\/?page_id=246#breadcrumb","itemListElement":[{"@type":"ListItem","position":1,"name":"Startseite","item":"https:\/\/gymfrey.at\/"},{"@type":"ListItem","position":2,"name":"IMPRESSUM"}]},{"@type":"WebSite","@id":"https:\/\/gymfrey.at\/#website","url":"https:\/\/gymfrey.at\/","name":"GYM FREY","description":"Train like a pro","publisher":{"@id":"https:\/\/gymfrey.at\/#organization"},"potentialAction":[{"@type":"SearchAction","target":{"@type":"EntryPoint","urlTemplate":"https:\/\/gymfrey.at\/?s={search_term_string}"},"query-input":{"@type":"PropertyValueSpecification","valueRequired":true,"valueName":"search_term_string"}}],"inLanguage":"de"},{"@type":"Organization","@id":"https:\/\/gymfrey.at\/#organization","name":"GYM FREY","url":"https:\/\/gymfrey.at\/","logo":{"@type":"ImageObject","inLanguage":"de","@id":"https:\/\/gymfrey.at\/#\/schema\/logo\/image\/","url":"https:\/\/gymfrey.at\/wp-content\/uploads\/2025\/07\/sigi-icon.png","contentUrl":"https:\/\/gymfrey.at\/wp-content\/uploads\/2025\/07\/sigi-icon.png","width":770,"height":481,"caption":"GYM FREY"},"image":{"@id":"https:\/\/gymfrey.at\/#\/schema\/logo\/image\/"},"sameAs":["https:\/\/www.instagram.com\/gymfrey.at"]}]}},"_links":{"self":[{"href":"https:\/\/gymfrey.at\/index.php?rest_route=\/wp\/v2\/pages\/246","targetHints":{"allow":["GET"]}}],"collection":[{"href":"https:\/\/gymfrey.at\/index.php?rest_route=\/wp\/v2\/pages"}],"about":[{"href":"https:\/\/gymfrey.at\/index.php?rest_route=\/wp\/v2\/types\/page"}],"author":[{"embeddable":true,"href":"https:\/\/gymfrey.at\/index.php?rest_route=\/wp\/v2\/users\/1"}],"replies":[{"embeddable":true,"href":"https:\/\/gymfrey.at\/index.php?rest_route=%2Fwp%2Fv2%2Fcomments&post=246"}],"version-history":[{"count":5,"href":"https:\/\/gymfrey.at\/index.php?rest_route=\/wp\/v2\/pages\/246\/revisions"}],"predecessor-version":[{"id":295,"href":"https:\/\/gymfrey.at\/index.php?rest_route=\/wp\/v2\/pages\/246\/revisions\/295"}],"wp:attachment":[{"href":"https:\/\/gymfrey.at\/index.php?rest_route=%2Fwp%2Fv2%2Fmedia&parent=246"}],"curies":[{"name":"wp","href":"https:\/\/api.w.org\/{rel}","templated":true}]}}